{"id":164,"date":"2025-03-19T08:00:03","date_gmt":"2025-03-19T08:00:03","guid":{"rendered":"http:\/\/www.zeusotomasyon.com\/?page_id=164"},"modified":"2025-03-26T23:09:20","modified_gmt":"2025-03-26T23:09:20","slug":"turnike-sistemleri","status":"publish","type":"page","link":"http:\/\/www.zeusotomasyon.com\/?page_id=164","title":{"rendered":"Turnike Sistemleri"},"content":{"rendered":"\n<div class=\"wp-block-group is-layout-grid wp-container-core-group-is-layout-037df6d9 wp-block-group-is-layout-grid\" style=\"border-width:3px;padding-top:var(--wp--preset--spacing--40);padding-right:var(--wp--preset--spacing--40);padding-bottom:var(--wp--preset--spacing--40);padding-left:var(--wp--preset--spacing--40)\">\n<div class=\"wp-block-cover is-light is-repeated is-style-rounded\" style=\"border-width:3px;border-radius:50px;padding-top:var(--wp--preset--spacing--40);padding-right:var(--wp--preset--spacing--40);padding-bottom:var(--wp--preset--spacing--40);padding-left:var(--wp--preset--spacing--40)\"><span aria-hidden=\"true\" class=\"wp-block-cover__background has-background-dim-20 has-background-dim\" style=\"background-color:#e9e8e8\"><\/span><div class=\"wp-block-cover__image-background wp-image-356 is-repeated\" style=\"background-position:64% 41%;background-image:url(http:\/\/www.zeusotomasyon.com\/wp-content\/uploads\/2025\/03\/pm-6000-dusen-kollu-turnike-sistemi.jpg)\"><\/div><div class=\"wp-block-cover__inner-container is-layout-flow wp-block-cover-is-layout-flow\">\n<div class=\"wp-block-buttons alignfull is-content-justification-center is-layout-flex wp-container-core-buttons-is-layout-e1485a7b wp-block-buttons-is-layout-flex\">\n<div class=\"wp-block-button is-style-primary\"><a class=\"wp-block-button__link has-text-align-center wp-element-button\" href=\"http:\/\/www.zeusotomasyon.com\/?page_id=164\"><strong>Tripod Turnike Sistem<\/strong>leri<\/a><\/div>\n<\/div>\n\n\n\n<div class=\"wp-block-group is-nowrap is-layout-flex wp-container-core-group-is-layout-ad2f72ca wp-block-group-is-layout-flex\">\n<figure class=\"wp-block-image is-resized has-custom-border is-style-rounded\"><img loading=\"lazy\" decoding=\"async\" width=\"174\" height=\"154\" src=\"http:\/\/www.zeusotomasyon.com\/wp-content\/uploads\/2025\/03\/tripot-2.jpg\" alt=\"\" class=\"wp-image-231\" style=\"border-width:1px;width:235px;height:auto\"\/><\/figure>\n<\/div>\n\n\n\n<figure class=\"wp-block-gallery has-nested-images columns-default is-cropped wp-block-gallery-1 is-layout-flex wp-block-gallery-is-layout-flex\">\n<figure class=\"wp-block-image size-full has-custom-border is-style-rounded\"><img loading=\"lazy\" decoding=\"async\" width=\"174\" height=\"154\" data-id=\"354\" src=\"http:\/\/www.zeusotomasyon.com\/wp-content\/uploads\/2025\/03\/avax-s150-otomatik-dusen-kollu-turnike-sistemi.jpg\" alt=\"\" class=\"wp-image-354\" style=\"border-width:1px\"\/><\/figure>\n\n\n\n<figure class=\"wp-block-image size-full has-custom-border is-style-rounded\"><img loading=\"lazy\" decoding=\"async\" width=\"174\" height=\"154\" data-id=\"356\" src=\"http:\/\/www.zeusotomasyon.com\/wp-content\/uploads\/2025\/03\/pm-6000-dusen-kollu-turnike-sistemi.jpg\" alt=\"\" class=\"wp-image-356\" style=\"border-width:1px\"\/><\/figure>\n<\/figure>\n<\/div><\/div>\n\n\n\n<div class=\"wp-block-cover is-light is-repeated is-style-rounded wp-container-content-7ed1b8cc\" style=\"border-width:3px;border-radius:50px;padding-top:var(--wp--preset--spacing--40);padding-right:var(--wp--preset--spacing--40);padding-bottom:var(--wp--preset--spacing--40);padding-left:var(--wp--preset--spacing--40)\"><span aria-hidden=\"true\" class=\"wp-block-cover__background has-background-dim-20 has-background-dim\" style=\"background-color:#dfe0e1\"><\/span><div class=\"wp-block-cover__image-background wp-image-359 is-repeated\" style=\"background-position:69% 43%;background-image:url(http:\/\/www.zeusotomasyon.com\/wp-content\/uploads\/2025\/03\/avax-sg500-hizli-gecis-turnikesi.jpg)\"><\/div><div class=\"wp-block-cover__inner-container is-layout-flow wp-block-cover-is-layout-flow\">\n<div class=\"wp-block-buttons alignfull is-content-justification-center is-layout-flex wp-container-core-buttons-is-layout-5e6b19ed wp-block-buttons-is-layout-flex\">\n<div class=\"wp-block-button is-style-primary\"><a class=\"wp-block-button__link has-text-align-center wp-element-button\" href=\"http:\/\/www.zeusotomasyon.com\/?page_id=162\"><strong>H\u0131zl\u0131 Ge\u00e7i\u015f Turnike Sistemleri<\/strong><\/a><\/div>\n<\/div>\n\n\n\n<div class=\"wp-block-group is-nowrap is-layout-flex wp-container-core-group-is-layout-ad2f72ca wp-block-group-is-layout-flex\">\n<figure class=\"wp-block-image size-full is-resized has-custom-border is-style-rounded\"><img loading=\"lazy\" decoding=\"async\" width=\"174\" height=\"154\" src=\"http:\/\/www.zeusotomasyon.com\/wp-content\/uploads\/2025\/03\/avax-sg600-hizli-gecis-turnikesi.jpg\" alt=\"\" class=\"wp-image-361\" style=\"border-width:1px;width:235px;height:auto\"\/><\/figure>\n<\/div>\n\n\n\n<figure class=\"wp-block-gallery has-nested-images columns-default is-cropped wp-block-gallery-2 is-layout-flex wp-block-gallery-is-layout-flex\">\n<figure class=\"wp-block-image size-full has-custom-border is-style-rounded\"><img loading=\"lazy\" decoding=\"async\" width=\"174\" height=\"154\" data-id=\"360\" src=\"http:\/\/www.zeusotomasyon.com\/wp-content\/uploads\/2025\/03\/avax-sg600-double-hizli-gecis-turnikesi.jpg\" alt=\"\" class=\"wp-image-360\" style=\"border-width:1px\"\/><\/figure>\n\n\n\n<figure class=\"wp-block-image size-full has-custom-border is-style-rounded\"><img loading=\"lazy\" decoding=\"async\" width=\"174\" height=\"154\" data-id=\"358\" src=\"http:\/\/www.zeusotomasyon.com\/wp-content\/uploads\/2025\/03\/avax-sg500-double-hizli-gecis-turnikesi.jpg\" alt=\"\" class=\"wp-image-358\" style=\"border-width:1px\"\/><\/figure>\n<\/figure>\n<\/div><\/div>\n\n\n\n<div class=\"wp-block-cover is-light is-repeated is-style-rounded wp-container-content-7ed1b8cc\" style=\"border-width:3px;border-radius:50px;padding-top:var(--wp--preset--spacing--40);padding-right:var(--wp--preset--spacing--40);padding-bottom:var(--wp--preset--spacing--40);padding-left:var(--wp--preset--spacing--40)\"><span aria-hidden=\"true\" class=\"wp-block-cover__background has-background-dim-20 has-background-dim\" style=\"background-color:#e2dcdc\"><\/span><div class=\"wp-block-cover__image-background wp-image-365 is-repeated\" style=\"background-position:58% 44%;background-image:url(http:\/\/www.zeusotomasyon.com\/wp-content\/uploads\/2025\/03\/boyali-boy-turnikesi.jpg)\"><\/div><div class=\"wp-block-cover__inner-container is-layout-flow wp-block-cover-is-layout-flow\">\n<div class=\"wp-block-buttons alignfull is-content-justification-center is-layout-flex wp-container-core-buttons-is-layout-5e6b19ed wp-block-buttons-is-layout-flex\">\n<div class=\"wp-block-button is-style-primary\"><a class=\"wp-block-button__link has-text-align-center wp-element-button\" href=\"http:\/\/www.zeusotomasyon.com\/?page_id=155\"><strong>Boy Turnike Sistemleri&nbsp;<\/strong><\/a><\/div>\n<\/div>\n\n\n\n<div class=\"wp-block-group is-nowrap is-layout-flex wp-container-core-group-is-layout-ad2f72ca wp-block-group-is-layout-flex\">\n<figure class=\"wp-block-image size-full is-resized has-custom-border is-style-rounded\"><img loading=\"lazy\" decoding=\"async\" width=\"174\" height=\"154\" src=\"http:\/\/www.zeusotomasyon.com\/wp-content\/uploads\/2025\/03\/boyali-boy-turnikesi.jpg\" alt=\"\" class=\"wp-image-365\" style=\"border-width:1px;width:235px;height:auto\"\/><\/figure>\n<\/div>\n\n\n\n<figure class=\"wp-block-gallery has-nested-images columns-default is-cropped wp-block-gallery-3 is-layout-flex wp-block-gallery-is-layout-flex\">\n<figure class=\"wp-block-image size-full has-custom-border is-style-rounded\"><img loading=\"lazy\" decoding=\"async\" width=\"174\" height=\"154\" data-id=\"364\" src=\"http:\/\/www.zeusotomasyon.com\/wp-content\/uploads\/2025\/03\/p55-paslanmaz-celik-boy-turnikesi-98.jpg\" alt=\"\" class=\"wp-image-364\" style=\"border-width:1px\"\/><\/figure>\n\n\n\n<figure class=\"wp-block-image size-full has-custom-border is-style-rounded\"><img loading=\"lazy\" decoding=\"async\" width=\"174\" height=\"154\" data-id=\"363\" src=\"http:\/\/www.zeusotomasyon.com\/wp-content\/uploads\/2025\/03\/p55-double-boy-turnikesi-paslanmaz-celik-304.jpg\" alt=\"\" class=\"wp-image-363\" style=\"border-width:1px\"\/><\/figure>\n<\/figure>\n<\/div><\/div>\n\n\n\n<div class=\"wp-block-cover is-light is-repeated is-style-rounded wp-container-content-7ed1b8cc\" style=\"border-width:3px;border-radius:50px;padding-top:var(--wp--preset--spacing--40);padding-right:var(--wp--preset--spacing--40);padding-bottom:var(--wp--preset--spacing--40);padding-left:var(--wp--preset--spacing--40)\"><span aria-hidden=\"true\" class=\"wp-block-cover__background has-background-dim\" style=\"background-color:#f0f1f1\"><\/span><div class=\"wp-block-cover__image-background wp-image-369 is-repeated\" style=\"background-position:74% 62%;background-image:url(http:\/\/www.zeusotomasyon.com\/wp-content\/uploads\/2025\/03\/pm-1100-mekanik-bagimsiz-turnike.jpg)\"><\/div><div class=\"wp-block-cover__inner-container is-layout-flow wp-block-cover-is-layout-flow\">\n<div class=\"wp-block-buttons alignfull is-content-justification-center is-layout-flex wp-container-core-buttons-is-layout-5e6b19ed wp-block-buttons-is-layout-flex\">\n<div class=\"wp-block-button is-style-primary\"><a class=\"wp-block-button__link has-text-align-center wp-element-button\" href=\"http:\/\/www.zeusotomasyon.com\/?page_id=153\"><strong>Engelli Ge\u00e7i\u015f Turnike Sistemleri<\/strong><\/a><\/div>\n<\/div>\n\n\n\n<div class=\"wp-block-group is-nowrap is-layout-flex wp-container-core-group-is-layout-ad2f72ca wp-block-group-is-layout-flex\">\n<figure class=\"wp-block-image size-full is-resized has-custom-border is-style-rounded\"><img loading=\"lazy\" decoding=\"async\" width=\"174\" height=\"154\" src=\"http:\/\/www.zeusotomasyon.com\/wp-content\/uploads\/2025\/03\/avax-v90-vip-turnike.jpg\" alt=\"\" class=\"wp-image-370\" style=\"border-width:1px;width:235px;height:auto\"\/><\/figure>\n<\/div>\n\n\n\n<figure class=\"wp-block-gallery has-nested-images columns-default is-cropped wp-block-gallery-4 is-layout-flex wp-block-gallery-is-layout-flex\">\n<figure class=\"wp-block-image size-full has-custom-border is-style-rounded\"><img loading=\"lazy\" decoding=\"async\" width=\"174\" height=\"154\" data-id=\"368\" src=\"http:\/\/www.zeusotomasyon.com\/wp-content\/uploads\/2025\/03\/c90-camli-vip-ozurlu-engelli-gecis-turnikesi.jpg\" alt=\"\" class=\"wp-image-368\" style=\"border-width:1px\"\/><\/figure>\n\n\n\n<figure class=\"wp-block-image size-full has-custom-border is-style-rounded\"><img loading=\"lazy\" decoding=\"async\" width=\"174\" height=\"154\" data-id=\"367\" src=\"http:\/\/www.zeusotomasyon.com\/wp-content\/uploads\/2025\/03\/bagimsiz-kelebek-turnike.jpg\" alt=\"\" class=\"wp-image-367\" style=\"border-width:1px\"\/><\/figure>\n<\/figure>\n<\/div><\/div>\n<\/div>\n\n\n\n<p><\/p>\n","protected":false},"excerpt":{"rendered":"","protected":false},"author":1,"featured_media":0,"parent":151,"menu_order":0,"comment_status":"closed","ping_status":"closed","template":"","meta":{"neve_meta_sidebar":"","neve_meta_container":"","neve_meta_enable_content_width":"","neve_meta_content_width":0,"neve_meta_title_alignment":"","neve_meta_author_avatar":"","neve_post_elements_order":"","neve_meta_disable_header":"","neve_meta_disable_footer":"","neve_meta_disable_title":"","footnotes":""},"class_list":["post-164","page","type-page","status-publish","hentry"],"_links":{"self":[{"href":"http:\/\/www.zeusotomasyon.com\/index.php?rest_route=\/wp\/v2\/pages\/164","targetHints":{"allow":["GET"]}}],"collection":[{"href":"http:\/\/www.zeusotomasyon.com\/index.php?rest_route=\/wp\/v2\/pages"}],"about":[{"href":"http:\/\/www.zeusotomasyon.com\/index.php?rest_route=\/wp\/v2\/types\/page"}],"author":[{"embeddable":true,"href":"http:\/\/www.zeusotomasyon.com\/index.php?rest_route=\/wp\/v2\/users\/1"}],"replies":[{"embeddable":true,"href":"http:\/\/www.zeusotomasyon.com\/index.php?rest_route=%2Fwp%2Fv2%2Fcomments&post=164"}],"version-history":[{"count":13,"href":"http:\/\/www.zeusotomasyon.com\/index.php?rest_route=\/wp\/v2\/pages\/164\/revisions"}],"predecessor-version":[{"id":503,"href":"http:\/\/www.zeusotomasyon.com\/index.php?rest_route=\/wp\/v2\/pages\/164\/revisions\/503"}],"up":[{"embeddable":true,"href":"http:\/\/www.zeusotomasyon.com\/index.php?rest_route=\/wp\/v2\/pages\/151"}],"wp:attachment":[{"href":"http:\/\/www.zeusotomasyon.com\/index.php?rest_route=%2Fwp%2Fv2%2Fmedia&parent=164"}],"curies":[{"name":"wp","href":"https:\/\/api.w.org\/{rel}","templated":true}]}}