{"id":162,"date":"2025-03-19T07:59:36","date_gmt":"2025-03-19T07:59:36","guid":{"rendered":"http:\/\/www.zeusotomasyon.com\/?page_id=162"},"modified":"2025-03-26T19:49:43","modified_gmt":"2025-03-26T19:49:43","slug":"otopark-bariyer-sistemleri","status":"publish","type":"page","link":"http:\/\/www.zeusotomasyon.com\/?page_id=162","title":{"rendered":"Otopark Bariyer Sistemleri"},"content":{"rendered":"\n<div class=\"wp-block-media-text is-stacked-on-mobile\" style=\"border-width:3px;border-radius:50px;padding-top:var(--wp--preset--spacing--40);padding-right:var(--wp--preset--spacing--40);padding-bottom:var(--wp--preset--spacing--40);padding-left:var(--wp--preset--spacing--40);grid-template-columns:20% auto\"><figure class=\"wp-block-media-text__media\"><img loading=\"lazy\" decoding=\"async\" width=\"174\" height=\"154\" src=\"http:\/\/www.zeusotomasyon.com\/wp-content\/uploads\/2025\/03\/otopark-3.jpg\" alt=\"\" class=\"wp-image-278 size-full\"\/><\/figure><div class=\"wp-block-media-text__content\">\n<p><strong>OGS ve HGS L\u0130 OTOPARK BAR\u0130YER S\u0130STEMLER\u0130<\/strong><\/p>\n\n\n\n<p>Bu&nbsp;<strong>otopark bariyer sistemleri<\/strong>nde ara\u00e7lar\u0131n \u00f6n cam\u0131na yada plakas\u0131na tak\u0131lan UHF etiketler, otopark ge\u00e7i\u015f kontrol program\u0131na tan\u0131mlan\u0131r. Tan\u0131mlanan ara\u00e7lar\u0131 g\u00f6ren otopark ogs antenleri ara\u00e7lar\u0131n ge\u00e7i\u015fi i\u00e7in otopark bariyerine tetik verir ve ge\u00e7i\u015f sa\u011flan\u0131r. \u00d6zellikle siteler, toplu konutlar, apartmanlar, i\u015f merkezleri, fabrikalar ve plazalarda yayg\u0131n olarak kullan\u0131lmaktad\u0131r.<\/p>\n\n\n\n<p><\/p>\n<\/div><\/div>\n\n\n\n<div class=\"wp-block-media-text is-stacked-on-mobile\" style=\"border-width:3px;border-radius:50px;padding-top:var(--wp--preset--spacing--40);padding-right:var(--wp--preset--spacing--40);padding-bottom:var(--wp--preset--spacing--40);padding-left:var(--wp--preset--spacing--40);grid-template-columns:20% auto\"><figure class=\"wp-block-media-text__media\"><img loading=\"lazy\" decoding=\"async\" width=\"174\" height=\"154\" src=\"http:\/\/www.zeusotomasyon.com\/wp-content\/uploads\/2025\/03\/avax-nx-15-bilet-verme-makinasi.jpg\" alt=\"\" class=\"wp-image-389 size-full\"\/><\/figure><div class=\"wp-block-media-text__content\">\n<p><strong>B\u0130LETL\u0130 VE \u00dcCRETL\u0130 OTOPARK BAR\u0130YER S\u0130STEMLER\u0130<\/strong><\/p>\n\n\n\n<p>Otopark bilet verme makinas\u0131ndan bileti ald\u0131ktan sonra giri\u015fteki&nbsp;<em><strong>otopark bariyer sistemleri&nbsp;<\/strong><\/em>bariyeri a\u00e7\u0131l\u0131r, ara\u00e7 otoparkta istedi\u011fi s\u00fcre kal\u0131r ve \u00e7\u0131k\u0131\u015f esnas\u0131nda g\u00fcvenlik noktas\u0131na biletini verir. Bilet de\u011ferlendirme cihaz\u0131 yaz\u0131l\u0131ma ba\u011flanarak i\u00e7eride kal\u0131nan zaman\u0131 ve \u00fccreti ekrana yans\u0131t\u0131r. Tahsilat\u0131n ard\u0131ndan \u00e7\u0131k\u0131\u015f bariyeri arac\u0131n ge\u00e7i\u015fine izin verir. \u0130stenirse promosyon ge\u00e7i\u015fler yani al\u0131\u015fveri\u015f merkezinde \u015fu kadarl\u0131k harcaman\u0131n \u00fcst\u00fc yap\u0131l\u0131rsa otopark \u00fccretsiz olsun gibi \u00f6zellikler sa\u011flanabilir.<\/p>\n\n\n\n<p><\/p>\n<\/div><\/div>\n\n\n\n<div class=\"wp-block-media-text is-stacked-on-mobile\" style=\"border-width:3px;border-radius:50px;padding-top:var(--wp--preset--spacing--40);padding-right:var(--wp--preset--spacing--40);padding-bottom:var(--wp--preset--spacing--40);padding-left:var(--wp--preset--spacing--40);grid-template-columns:20% auto\"><figure class=\"wp-block-media-text__media\"><img loading=\"lazy\" decoding=\"async\" width=\"174\" height=\"154\" src=\"http:\/\/www.zeusotomasyon.com\/wp-content\/uploads\/2025\/03\/mantar-bariyer.jpg\" alt=\"\" class=\"wp-image-390 size-full\"\/><\/figure><div class=\"wp-block-media-text__content\">\n<p><strong>MANTAR BAR\u0130YER S\u0130STEMLER\u0130<\/strong><\/p>\n\n\n\n<p>\u00dcst d\u00fczey g\u00fcvenlik gerektiren yerler i\u00e7in kullan\u0131lan mantar<strong>&nbsp;otopark bariyer sistemleri<\/strong>ne ara\u00e7 \u00e7arpsa yahut intihar sald\u0131r\u0131s\u0131 yapsa bile ge\u00e7emez. Mantar bariyerin y\u00fcksekli\u011finin biraz fazlas\u0131 kadar yer kaz\u0131l\u0131r ve mantar bariyer g\u00f6m\u00fcl\u00fcr. Hidrolik mantar bariyerin ya\u011f tank\u0131na ve elektrik panosuna ba\u011flant\u0131lar\u0131 yap\u0131l\u0131r. Tekli, ikili, \u00fc\u00e7l\u00fc yahut daha fazla mantar bariyerin ayn\u0131 anda kalk\u0131p inmesi sa\u011flanabilir. B\u00fcy\u00fckel\u00e7ilikler, konsolosluklar, askeri binalar, polis merkezleri, plazalar, kamu kurum ve kurulu\u015flar\u0131n\u0131n otoparklar\u0131 ba\u015fta olmak \u00fczere y\u00fcksek g\u00fcvenlik ihtiyac\u0131 olan yerlerin tercihidir. Mantar bariyerler uzaktan kumanda ile kontrol edilebilece\u011fi gibi ogs anten ve etiketleri, parmak izi ve y\u00fcz tan\u0131ma cihazlar\u0131 ile de kontrol edilebilir.<\/p>\n\n\n\n<p><\/p>\n<\/div><\/div>\n\n\n\n<div class=\"wp-block-media-text is-stacked-on-mobile\" style=\"border-width:3px;border-radius:50px;padding-top:var(--wp--preset--spacing--40);padding-right:var(--wp--preset--spacing--40);padding-bottom:var(--wp--preset--spacing--40);padding-left:var(--wp--preset--spacing--40);grid-template-columns:20% auto\"><figure class=\"wp-block-media-text__media\"><img loading=\"lazy\" decoding=\"async\" width=\"174\" height=\"154\" src=\"http:\/\/www.zeusotomasyon.com\/wp-content\/uploads\/2025\/03\/road-blocker-1.jpg\" alt=\"\" class=\"wp-image-391 size-full\"\/><\/figure><div class=\"wp-block-media-text__content\">\n<p><strong>ROAD BLOCKER Y\u00dcKSELEN YOL BLO\u011eU<\/strong><\/p>\n\n\n\n<p>G\u00fcvenli\u011fin maksimumda sa\u011fland\u0131\u011f\u0131 yerlerde kullan\u0131lan road blockerlar hidrolik olarak ya\u011f bas\u0131nc\u0131 ile \u00e7al\u0131\u015f\u0131r. Road blocker i\u00e7in s\u0131\u011fabilece\u011fi kadar bir kuyu kaz\u0131l\u0131r ve g\u00f6m\u00fcl\u00fcr. \u00c7elik ankrajlarla sabit noktalara ilaveten ba\u011flanabilir. 2 ile 4 metre uzunluklarda \u00fcretilebilen yol bloklar\u0131; askeri binalar, b\u00fcy\u00fckel\u00e7ilikler, polis merkezleri, konsolosluklar, kamu kurum ve kurulu\u015flar\u0131n\u0131n giri\u015flerinde kullan\u0131lmaktad\u0131r.<\/p>\n\n\n\n<p><\/p>\n<\/div><\/div>\n\n\n\n<div class=\"wp-block-media-text is-stacked-on-mobile\" style=\"border-width:3px;border-radius:50px;padding-top:var(--wp--preset--spacing--40);padding-right:var(--wp--preset--spacing--40);padding-bottom:var(--wp--preset--spacing--40);padding-left:var(--wp--preset--spacing--40);grid-template-columns:20% auto\"><figure class=\"wp-block-media-text__media\"><img loading=\"lazy\" decoding=\"async\" width=\"174\" height=\"154\" src=\"http:\/\/www.zeusotomasyon.com\/wp-content\/uploads\/2025\/03\/1500-kg-yana-kayar-kapi-motoru-1.jpg\" alt=\"\" class=\"wp-image-392 size-full\"\/><\/figure><div class=\"wp-block-media-text__content\">\n<p><strong>YANA KAYAR BAH\u00c7E KAPI MOTORLARI<\/strong><\/p>\n\n\n\n<p>2 metre ile 6 metre uzunluklarda demir, \u00e7elik yahut farkl\u0131 materyallerden \u00fcretilebilen yana kayar kap\u0131lar i\u00e7in kullan\u0131lan motorlard\u0131r. 1000 kg, 1200 kg ve 1500 kg a\u011f\u0131rl\u0131\u011f\u0131nda bah\u00e7e kap\u0131lar\u0131n\u0131 hareket ettirebilen AVAX motorlar %100 performans ile sorunsuz \u00e7al\u0131\u015f\u0131r.<\/p>\n\n\n\n<p><\/p>\n<\/div><\/div>\n","protected":false},"excerpt":{"rendered":"<p>OGS ve HGS L\u0130 OTOPARK BAR\u0130YER S\u0130STEMLER\u0130 Bu&nbsp;otopark bariyer sistemlerinde ara\u00e7lar\u0131n \u00f6n cam\u0131na yada plakas\u0131na tak\u0131lan UHF etiketler, otopark ge\u00e7i\u015f kontrol program\u0131na tan\u0131mlan\u0131r. Tan\u0131mlanan ara\u00e7lar\u0131 g\u00f6ren otopark ogs antenleri ara\u00e7lar\u0131n ge\u00e7i\u015fi i\u00e7in otopark bariyerine tetik verir ve ge\u00e7i\u015f sa\u011flan\u0131r. \u00d6zellikle siteler, toplu konutlar, apartmanlar, i\u015f merkezleri, fabrikalar ve plazalarda yayg\u0131n olarak kullan\u0131lmaktad\u0131r. B\u0130LETL\u0130 VE \u00dcCRETL\u0130&hellip;&nbsp;<a href=\"http:\/\/www.zeusotomasyon.com\/?page_id=162\" rel=\"bookmark\">Daha fazlas\u0131n\u0131 oku &raquo;<span class=\"screen-reader-text\">Otopark Bariyer Sistemleri<\/span><\/a><\/p>\n","protected":false},"author":1,"featured_media":0,"parent":151,"menu_order":0,"comment_status":"closed","ping_status":"closed","template":"","meta":{"neve_meta_sidebar":"","neve_meta_container":"","neve_meta_enable_content_width":"","neve_meta_content_width":0,"neve_meta_title_alignment":"","neve_meta_author_avatar":"","neve_post_elements_order":"","neve_meta_disable_header":"","neve_meta_disable_footer":"","neve_meta_disable_title":"","footnotes":""},"class_list":["post-162","page","type-page","status-publish","hentry"],"_links":{"self":[{"href":"http:\/\/www.zeusotomasyon.com\/index.php?rest_route=\/wp\/v2\/pages\/162","targetHints":{"allow":["GET"]}}],"collection":[{"href":"http:\/\/www.zeusotomasyon.com\/index.php?rest_route=\/wp\/v2\/pages"}],"about":[{"href":"http:\/\/www.zeusotomasyon.com\/index.php?rest_route=\/wp\/v2\/types\/page"}],"author":[{"embeddable":true,"href":"http:\/\/www.zeusotomasyon.com\/index.php?rest_route=\/wp\/v2\/users\/1"}],"replies":[{"embeddable":true,"href":"http:\/\/www.zeusotomasyon.com\/index.php?rest_route=%2Fwp%2Fv2%2Fcomments&post=162"}],"version-history":[{"count":3,"href":"http:\/\/www.zeusotomasyon.com\/index.php?rest_route=\/wp\/v2\/pages\/162\/revisions"}],"predecessor-version":[{"id":484,"href":"http:\/\/www.zeusotomasyon.com\/index.php?rest_route=\/wp\/v2\/pages\/162\/revisions\/484"}],"up":[{"embeddable":true,"href":"http:\/\/www.zeusotomasyon.com\/index.php?rest_route=\/wp\/v2\/pages\/151"}],"wp:attachment":[{"href":"http:\/\/www.zeusotomasyon.com\/index.php?rest_route=%2Fwp%2Fv2%2Fmedia&parent=162"}],"curies":[{"name":"wp","href":"https:\/\/api.w.org\/{rel}","templated":true}]}}