{"id":160,"date":"2025-03-19T07:59:02","date_gmt":"2025-03-19T07:59:02","guid":{"rendered":"http:\/\/www.zeusotomasyon.com\/?page_id=160"},"modified":"2025-03-26T18:38:04","modified_gmt":"2025-03-26T18:38:04","slug":"magaza-urun-koruma-sistemleri","status":"publish","type":"page","link":"http:\/\/www.zeusotomasyon.com\/?page_id=160","title":{"rendered":"Ma\u011faza \u00dcr\u00fcn Koruma Sistemleri"},"content":{"rendered":"\n<div class=\"wp-block-media-text is-stacked-on-mobile is-vertically-aligned-center\" style=\"border-width:3px;border-radius:50px;padding-top:var(--wp--preset--spacing--40);padding-right:var(--wp--preset--spacing--40);padding-bottom:var(--wp--preset--spacing--40);padding-left:var(--wp--preset--spacing--40);grid-template-columns:20% auto\"><figure class=\"wp-block-media-text__media\"><img loading=\"lazy\" decoding=\"async\" width=\"150\" height=\"150\" src=\"http:\/\/www.zeusotomasyon.com\/wp-content\/uploads\/2025\/03\/magaza-150x150.jpg\" alt=\"\" class=\"wp-image-242 size-thumbnail\"\/><\/figure><div class=\"wp-block-media-text__content\">\n<p><strong>Ma\u011faza \u00dcr\u00fcn Koruma Antenleri<\/strong><\/p>\n\n\n\n<p>Ma\u011faza \u00fcr\u00fcn koruma sistemleri&nbsp;antenleri radyo frekans\u0131 ile \u00e7al\u0131\u015fmaktad\u0131r. Parazitsiz ortamlarda 2 metreye kadar alg\u0131lama kapasitesine sahip \u00fcr\u00fcn koruma antenlerinin g\u00f6vdesi ABS plastikten \u00fcretilmektedir. \u00d6zellikle ma\u011faza dekoruna \u00e7ok fazla \u00f6nem veren ma\u011faza sahipleri, bu \u00fcr\u00fcnlerinin g\u00f6vdelerini \u015feffaf olarak kullanmay\u0131 tercih etmektedirler. Bunun yan\u0131 s\u0131ra, farkl\u0131 ma\u011fazalarda antenlerin g\u00f6vdelerinin reklam tabelas\u0131 olarak da kullan\u0131ld\u0131\u011f\u0131n\u0131 g\u00f6rebilirsiniz. Akusto manyetik (AM) teknolojisi, \u00f6zel bir frekansta titre\u015fen ince bir \u015ferit kullanarak \u00e7al\u0131\u015f\u0131r. Bu \u015ferit, ma\u011faza \u00e7\u0131k\u0131\u015f\u0131nda yer alan antenler taraf\u0131ndan alg\u0131lanabilecek bir sinyal \u00fcretir. E\u011fer bir \u00fcr\u00fcn, etiket \u00e7\u0131kar\u0131lmadan ma\u011fazadan \u00e7\u0131kart\u0131lmaya \u00e7al\u0131\u015f\u0131l\u0131rsa, antenler bu sinyali alg\u0131lar ve bir alarm\u0131 tetikler. Ma\u011fazalar\u0131n\u0131za giri\u015fler ne kadar yo\u011fun olursa olsun, bu antenler %100 performans ile \u00e7al\u0131\u015farak etiket tak\u0131l\u0131 olan \u00fcr\u00fcnleri tespit eder. Antenlerin alarm ses seviyesini ve hassasiyet ayar\u0131n\u0131 da kendiniz de\u011fi\u015ftirebilirsiniz. Kullan\u0131mlar\u0131n\u0131n olduk\u00e7a basit olmas\u0131n\u0131n yan\u0131 s\u0131ra kurulumlar\u0131 da \u00e7ok basittir ve \u00e7ok k\u0131sa bir s\u00fcrede kurulum ger\u00e7ekle\u015ftirilebilmektedir. Firmam\u0131z kuruldu\u011fu g\u00fcnden bug\u00fcne dek ma\u011fazalar i\u00e7in g\u00fcvenlik \u00e7\u00f6z\u00fcmleri sunmaktad\u0131r. Deneyerek g\u00f6receksiniz ki; bu \u00fcr\u00fcnler g\u00fcvenli\u011finizi \u00fcst d\u00fczeye \u00e7\u0131karacak. \u00dcstelik ma\u011faza \u00fcr\u00fcn koruma antenleri fiyatlar\u0131 da olduk\u00e7a uygundur ve b\u00fct\u00e7enizi asla sarsmaz. Bizi arayarak sat\u0131\u015f dan\u0131\u015fmanlar\u0131m\u0131zdan en uygun ve cazip fiyat teklifini alabilirsiniz.<\/p>\n\n\n\n<p><\/p>\n<\/div><\/div>\n\n\n\n<div class=\"wp-block-media-text is-stacked-on-mobile is-vertically-aligned-center\" style=\"border-width:3px;border-radius:50px;padding-top:var(--wp--preset--spacing--40);padding-right:var(--wp--preset--spacing--40);padding-bottom:var(--wp--preset--spacing--40);padding-left:var(--wp--preset--spacing--40);grid-template-columns:20% auto\"><figure class=\"wp-block-media-text__media\"><img loading=\"lazy\" decoding=\"async\" width=\"174\" height=\"154\" src=\"http:\/\/www.zeusotomasyon.com\/wp-content\/uploads\/2025\/03\/sens-1.jpg\" alt=\"\" class=\"wp-image-256 size-full\"\/><\/figure><div class=\"wp-block-media-text__content\">\n<p><strong>Ma\u011faza \u00dcr\u00fcn Koruma Alarm Etiketleri<\/strong><\/p>\n\n\n\n<p>Ma\u011faza \u00fcr\u00fcn koruma sistemleri alarm etiketleri; 8,2 mhz radyo frekans\u0131 veya 58Khz akusto manyetik frekans\u0131 ile \u00e7al\u0131\u015f\u0131r. Bu etiketler k\u00e2\u011f\u0131t ve plastik olarak ikiye ayr\u0131lmaktad\u0131r. K\u00e2\u011f\u0131t etiketler \u00fcr\u00fcnlerin \u00fczerine yap\u0131\u015ft\u0131r\u0131larak kullan\u0131l\u0131r. Bu etiketlerin \u00fczerinde \u00fcr\u00fcn koruma antenine tan\u0131ml\u0131 olan sahte bir barkod vard\u0131r. \u00dcr\u00fcn e\u011fer etiket okutulmadan ma\u011fazadan \u00e7\u0131kar\u0131lmak istenirse \u00fcr\u00fcn koruma anteni sesli olarak alarm verir. Bu y\u00fczden k\u00e2\u011f\u0131t etiketlerin ma\u011fazadan \u00e7\u0131kar\u0131lmadan \u00f6nce pasif hale getirilmesi gerekmektedir. Plastik etiketler ise \u00fcr\u00fcn\u00fc delerek kullan\u0131lan etiketlerdir. Bu etiketler \u00fcr\u00fcne sabitlenir ve etiket s\u00f6k\u00fcc\u00fc olmadan \u00e7\u0131kar\u0131lmas\u0131 olduk\u00e7a zordur. Etiket s\u00f6k\u00fcc\u00fc kullan\u0131lmazsa plastik etiket \u00e7\u0131kar\u0131l\u0131rken \u00fcr\u00fcne zarar verilebilir.<br>Ma\u011faza \u00fcr\u00fcn koruma alarm etiketleri, h\u0131rs\u0131zl\u0131kla m\u00fccadelede kullan\u0131lan g\u00fcvenlik ara\u00e7lar\u0131d\u0131r. Bu etiketler, ma\u011faza \u00e7\u0131k\u0131\u015flar\u0131nda yer alan dedekt\u00f6rlerle birlikte \u00e7al\u0131\u015f\u0131r ve bir \u00fcr\u00fcn\u00fcn izinsiz olarak ma\u011fazadan \u00e7\u0131kar\u0131lmas\u0131n\u0131 engellemeye yard\u0131mc\u0131 olur. \u0130\u015fte baz\u0131 yayg\u0131n alarm etiketi t\u00fcrleri, isimleri ve nas\u0131l \u00e7al\u0131\u015ft\u0131klar\u0131:<\/p>\n\n\n\n<ul class=\"wp-block-list\">\n<li><strong>Sabit Manyetik Etiketler (Hard Tags):<\/strong>&nbsp;Manyetik bir mekanizma i\u00e7erirler. Bu etiketler, ma\u011fazadan \u00e7\u0131kar\u0131lmadan \u00f6nce \u00f6zel bir cihazla \u00e7\u0131kar\u0131lmal\u0131d\u0131r. Aksi takdirde, \u00e7\u0131k\u0131\u015ftaki dedekt\u00f6rleri tetikleyerek alarm\u0131 \u00e7al\u0131\u015ft\u0131r\u0131rlar. Genellikle giysilerde kullan\u0131l\u0131r, ancak di\u011fer \u00fcr\u00fcnler i\u00e7in de uygundur. Yeniden kullan\u0131labilirler.<\/li>\n\n\n\n<li><strong>K\u00e2\u011f\u0131t Temelli Etiketler (Soft Tags):<\/strong>&nbsp;Genellikle radyo frekans\u0131 (RF) ya da akustik-magnetik (AM) teknolojisi ile \u00e7al\u0131\u015f\u0131r. Kasa g\u00f6revlisi, bu etiketleri sat\u0131\u015f s\u0131ras\u0131nda devre d\u0131\u015f\u0131 b\u0131rak\u0131r. Aksi halde, ma\u011faza \u00e7\u0131k\u0131\u015f\u0131nda alarm \u00e7alar. Kitap, kozmetik \u00fcr\u00fcnleri ve elektroniklerde s\u0131k\u00e7a kullan\u0131l\u0131r.<\/li>\n\n\n\n<li><strong>Kablo Alarml\u0131 Etiketler:<\/strong>&nbsp;\u00dcr\u00fcne bir kablo yard\u0131m\u0131yla ba\u011flan\u0131rlar. Kablo kesilirse veya etiketle beraber \u00e7\u0131kar\u0131lmaya \u00e7al\u0131\u015f\u0131l\u0131rsa alarm devreye girer. Pahal\u0131 elektronik \u00fcr\u00fcnlerde, g\u00f6zl\u00fcklerde veya di\u011fer y\u00fcksek de\u011ferli \u00fcr\u00fcnlerde kullan\u0131l\u0131r.<\/li>\n\n\n\n<li><strong>M\u00fcrekkep Kapl\u0131 Etiketler:<\/strong>&nbsp;Bu etiketler, izinsiz \u00e7\u0131kar\u0131lmaya \u00e7al\u0131\u015f\u0131ld\u0131\u011f\u0131nda \u00fcr\u00fcnde g\u00f6r\u00fcn\u00fcr bir m\u00fcrekkep lekesi b\u0131rak\u0131r. H\u0131rs\u0131z\u0131 cayd\u0131rmak ve \u00e7al\u0131nan \u00fcr\u00fcn\u00fc tan\u0131mlamak i\u00e7in kullan\u0131l\u0131r.<\/li>\n\n\n\n<li><strong>Kutu Kilitleri (Safer Boxes):<\/strong>&nbsp;De\u011ferli \u00fcr\u00fcnleri korumak i\u00e7in tasarlanm\u0131\u015f \u015feffaf plastik kutulard\u0131r. Bu kutular ma\u011fazadan \u00e7\u0131kar\u0131lmadan \u00f6nce a\u00e7\u0131lmal\u0131d\u0131r. Elektronik, kozmetik ve di\u011fer k\u00fc\u00e7\u00fck de\u011ferli \u00fcr\u00fcnleri korumak i\u00e7in kullan\u0131l\u0131r.<\/li>\n<\/ul>\n\n\n\n<p>Bu etiketlerin \u00e7al\u0131\u015fma prensipleri temelde ayn\u0131d\u0131r: Ma\u011faza i\u00e7erisinde, izin verilen bir alanda etiket devre d\u0131\u015f\u0131 b\u0131rak\u0131lmaz veya \u00e7\u0131kar\u0131lmazsa, ma\u011faza \u00e7\u0131k\u0131\u015f\u0131nda yer alan dedekt\u00f6rleri tetikleyerek alarm\u0131n \u00e7al\u0131\u015fmas\u0131na neden olurlar. Bu sayede potansiyel h\u0131rs\u0131zlar cayd\u0131r\u0131l\u0131r ve ma\u011fazalar, \u00fcr\u00fcnlerini koruma alt\u0131na alm\u0131\u015f olur.<\/p>\n\n\n\n<p><\/p>\n<\/div><\/div>\n\n\n\n<div class=\"wp-block-media-text is-stacked-on-mobile is-vertically-aligned-center\" style=\"border-width:3px;border-radius:50px;padding-top:var(--wp--preset--spacing--40);padding-right:var(--wp--preset--spacing--40);padding-bottom:var(--wp--preset--spacing--40);padding-left:var(--wp--preset--spacing--40);grid-template-columns:20% auto\"><figure class=\"wp-block-media-text__media\"><img loading=\"lazy\" decoding=\"async\" width=\"174\" height=\"154\" src=\"http:\/\/www.zeusotomasyon.com\/wp-content\/uploads\/2025\/03\/akusto-manyetik-etiket-sokucu-hd03.jpg\" alt=\"\" class=\"wp-image-398 size-full\"\/><\/figure><div class=\"wp-block-media-text__content\">\n<p><strong>Ma\u011faza \u00dcr\u00fcn Koruma Alarm <\/strong><strong>Etiket S\u00f6k\u00fcc\u00fc<\/strong><\/p>\n\n\n\n<p>Ma\u011faza \u00fcr\u00fcn koruma sistemleri&nbsp;alarm etiket s\u00f6k\u00fcc\u00fc; plastik ve k\u00e2\u011f\u0131t etiketlerin \u00e7\u0131kar\u0131lmas\u0131 i\u00e7in kullan\u0131lan aletlerdir. K\u00e2\u011f\u0131t etiketlerin pasif duruma getirilmesi i\u00e7in k\u00e2\u011f\u0131t etiket \u00f6ld\u00fcr\u00fcc\u00fc, plastik etiketlerin \u00e7\u0131kar\u0131lmas\u0131 i\u00e7in ise m\u0131knat\u0131sl\u0131 manyetik s\u00f6k\u00fcc\u00fc kullan\u0131lmaktad\u0131r. Ma\u011fazalarda etiket s\u00f6k\u00fcc\u00fcler kasa g\u00f6revlileri taraf\u0131ndan kullan\u0131l\u0131r. \u00dcr\u00fcn sat\u0131n al\u0131nd\u0131ktan sonra etiketler kasada s\u00f6k\u00fclmektedir.<br>Ma\u011faza \u00fcr\u00fcn g\u00fcvenlik sistemleri, perakende sekt\u00f6r\u00fcndeki ma\u011fazalar\u0131n milyarlarca dolar kayb\u0131n\u0131 engellemek i\u00e7in kritik bir rol oynamaktad\u0131r. Bu sistemler, h\u0131rs\u0131zl\u0131\u011f\u0131 cayd\u0131rmak ve engellemek i\u00e7in tasarlanm\u0131\u015ft\u0131r. \u00d6zellikle b\u00fcy\u00fck al\u0131\u015fveri\u015f merkezlerinde, ma\u011fazalarda veya pop\u00fcler perakende zincirlerinde s\u0131k\u00e7a g\u00f6r\u00fcl\u00fcrler. Ancak bu etiketlerin ve alarm sistemlerinin kendi ba\u015flar\u0131na i\u015flevsel olmalar\u0131 i\u00e7in baz\u0131 yard\u0131mc\u0131 ara\u00e7lara ihtiya\u00e7lar\u0131 vard\u0131r.<\/p>\n\n\n\n<ul class=\"wp-block-list\">\n<li><strong>M\u0131knat\u0131sl\u0131 Etiket S\u00f6k\u00fcc\u00fc (Detacher)<\/strong>\n<ul class=\"wp-block-list\">\n<li>M\u0131knat\u0131sl\u0131 etiket s\u00f6k\u00fcc\u00fc, ma\u011fazalar\u0131n alarml\u0131 etiket sistemlerini g\u00fcvenli bir \u015fekilde kald\u0131rabilmeleri i\u00e7in tasarlanm\u0131\u015f bir ara\u00e7t\u0131r.<\/li>\n\n\n\n<li>G\u00fc\u00e7l\u00fc M\u0131knat\u0131s: Bu t\u00fcr etiket s\u00f6k\u00fcc\u00fcler, manyetik etiketleri kolayca \u00e7\u00f6z\u00fcp \u00e7\u0131karmak i\u00e7in y\u00fcksek m\u0131knat\u0131sl\u0131 bir yap\u0131ya sahiptir.<\/li>\n\n\n\n<li>Kullan\u0131c\u0131 Dostu Tasar\u0131m: Ergonomik bir yap\u0131ya sahip olan etiket s\u00f6k\u00fcc\u00fcler, ma\u011faza \u00e7al\u0131\u015fanlar\u0131n\u0131n rahatl\u0131kla kullanabilmesi i\u00e7in tasarlanm\u0131\u015ft\u0131r.<\/li>\n\n\n\n<li>Zarars\u0131z: Do\u011fru kullan\u0131ld\u0131\u011f\u0131nda, \u00fcr\u00fcnlere herhangi bir zarar vermez.<\/li>\n<\/ul>\n<\/li>\n\n\n\n<li><strong>Deaktivat\u00f6r<\/strong>\n<ul class=\"wp-block-list\">\n<li>Deaktivat\u00f6r, genellikle radyo frekansl\u0131 (RF) etiketlerin alarm \u00f6zelli\u011fini ge\u00e7ici ya da kal\u0131c\u0131 olarak devre d\u0131\u015f\u0131 b\u0131rakan bir cihazd\u0131r.<\/li>\n\n\n\n<li><strong>Otomatik veya Manuel Modlar:<\/strong> Baz\u0131 deaktivat\u00f6rler, etiketi otomatik olarak devre d\u0131\u015f\u0131 b\u0131rak\u0131rken, baz\u0131lar\u0131 manuel bir i\u015flem gerektirir.<\/li>\n\n\n\n<li><strong>G\u00f6rsel ve Sesli Uyar\u0131: <\/strong>Etiketin ba\u015far\u0131yla devre d\u0131\u015f\u0131 b\u0131rak\u0131ld\u0131\u011f\u0131n\u0131 g\u00f6steren bir \u0131\u015f\u0131k veya ses uyar\u0131s\u0131 vard\u0131r.<\/li>\n\n\n\n<li><strong>G\u00fcvenli: <\/strong>Do\u011fru kullan\u0131ld\u0131\u011f\u0131nda, \u00fcr\u00fcne ya da m\u00fc\u015fteriye zarar vermez.<\/li>\n<\/ul>\n<\/li>\n<\/ul>\n\n\n\n<p><\/p>\n<\/div><\/div>\n\n\n\n<p><\/p>\n","protected":false},"excerpt":{"rendered":"<p>Ma\u011faza \u00dcr\u00fcn Koruma Antenleri Ma\u011faza \u00fcr\u00fcn koruma sistemleri&nbsp;antenleri radyo frekans\u0131 ile \u00e7al\u0131\u015fmaktad\u0131r. Parazitsiz ortamlarda 2 metreye kadar alg\u0131lama kapasitesine sahip \u00fcr\u00fcn koruma antenlerinin g\u00f6vdesi ABS plastikten \u00fcretilmektedir. \u00d6zellikle ma\u011faza dekoruna \u00e7ok fazla \u00f6nem veren ma\u011faza sahipleri, bu \u00fcr\u00fcnlerinin g\u00f6vdelerini \u015feffaf olarak kullanmay\u0131 tercih etmektedirler. Bunun yan\u0131 s\u0131ra, farkl\u0131 ma\u011fazalarda antenlerin g\u00f6vdelerinin reklam tabelas\u0131 olarak da&hellip;&nbsp;<a href=\"http:\/\/www.zeusotomasyon.com\/?page_id=160\" rel=\"bookmark\">Daha fazlas\u0131n\u0131 oku &raquo;<span class=\"screen-reader-text\">Ma\u011faza \u00dcr\u00fcn Koruma Sistemleri<\/span><\/a><\/p>\n","protected":false},"author":1,"featured_media":0,"parent":151,"menu_order":0,"comment_status":"closed","ping_status":"closed","template":"","meta":{"neve_meta_sidebar":"","neve_meta_container":"","neve_meta_enable_content_width":"","neve_meta_content_width":0,"neve_meta_title_alignment":"","neve_meta_author_avatar":"","neve_post_elements_order":"","neve_meta_disable_header":"","neve_meta_disable_footer":"","neve_meta_disable_title":"","footnotes":""},"class_list":["post-160","page","type-page","status-publish","hentry"],"_links":{"self":[{"href":"http:\/\/www.zeusotomasyon.com\/index.php?rest_route=\/wp\/v2\/pages\/160","targetHints":{"allow":["GET"]}}],"collection":[{"href":"http:\/\/www.zeusotomasyon.com\/index.php?rest_route=\/wp\/v2\/pages"}],"about":[{"href":"http:\/\/www.zeusotomasyon.com\/index.php?rest_route=\/wp\/v2\/types\/page"}],"author":[{"embeddable":true,"href":"http:\/\/www.zeusotomasyon.com\/index.php?rest_route=\/wp\/v2\/users\/1"}],"replies":[{"embeddable":true,"href":"http:\/\/www.zeusotomasyon.com\/index.php?rest_route=%2Fwp%2Fv2%2Fcomments&post=160"}],"version-history":[{"count":12,"href":"http:\/\/www.zeusotomasyon.com\/index.php?rest_route=\/wp\/v2\/pages\/160\/revisions"}],"predecessor-version":[{"id":482,"href":"http:\/\/www.zeusotomasyon.com\/index.php?rest_route=\/wp\/v2\/pages\/160\/revisions\/482"}],"up":[{"embeddable":true,"href":"http:\/\/www.zeusotomasyon.com\/index.php?rest_route=\/wp\/v2\/pages\/151"}],"wp:attachment":[{"href":"http:\/\/www.zeusotomasyon.com\/index.php?rest_route=%2Fwp%2Fv2%2Fmedia&parent=160"}],"curies":[{"name":"wp","href":"https:\/\/api.w.org\/{rel}","templated":true}]}}