{"id":155,"date":"2025-03-19T01:15:07","date_gmt":"2025-03-19T01:15:07","guid":{"rendered":"http:\/\/www.zeusotomasyon.com\/?page_id=155"},"modified":"2025-03-26T17:48:52","modified_gmt":"2025-03-26T17:48:52","slug":"kapi-acma-sistemleri","status":"publish","type":"page","link":"http:\/\/www.zeusotomasyon.com\/?page_id=155","title":{"rendered":"Kap\u0131 A\u00e7ma Sistemleri"},"content":{"rendered":"\n<div class=\"wp-block-media-text is-stacked-on-mobile\" style=\"border-width:3px;border-radius:50px;grid-template-columns:20% auto\"><figure class=\"wp-block-media-text__media\"><img loading=\"lazy\" decoding=\"async\" width=\"174\" height=\"154\" src=\"http:\/\/www.zeusotomasyon.com\/wp-content\/uploads\/2025\/03\/yuz_tani-3.jpg\" alt=\"\" class=\"wp-image-265 size-full\"\/><\/figure><div class=\"wp-block-media-text__content\">\n<p><strong>Y\u00fcz Tan\u0131ma \u0130le Kap\u0131 A\u00e7ma Sistemleri<\/strong><\/p>\n\n\n\n<p>Y\u00fcz tan\u0131ma sistemleri; \u015f\u00fcphesiz ki biyometrik sistemler i\u00e7erisinde en geli\u015fmi\u015f ve kullan\u0131m\u0131 en kolay olan sistemlerdir. Y\u00fcz tan\u0131ma sistemleri ile personel takibi yapabilir veya giri\u015f-\u00e7\u0131k\u0131\u015f kontrolleri sa\u011flayabilirsiniz. Ayr\u0131ca bu sistemler ile turnike, bariyer ve kap\u0131lara tetik vererek a\u00e7\u0131lmas\u0131n\u0131 da sa\u011flayabilirsiniz. Kap\u0131n\u0131zla uyumlu olarak kullanaca\u011f\u0131n\u0131z kilit sayesinde y\u00fcz tan\u0131ma cihaz\u0131ndan kap\u0131ya ge\u00e7i\u015f yetkisi iletilerek kap\u0131n\u0131z\u0131n a\u00e7\u0131lmas\u0131n\u0131 sa\u011flayabilirsiniz. Bu sistemlerin farkl\u0131 model ve boyutlar\u0131 da i\u015fletme, plaza, holding, hava alan\u0131 gibi farkl\u0131 alanlarda tercih etmenize olanak sa\u011flar. Y\u00fcz tan\u0131ma cihazlar\u0131n\u0131n kay\u0131t kapasiteleri de cihaza g\u00f6re farkl\u0131l\u0131k g\u00f6stermektedir. 500 ile 3.000 y\u00fcz kayd\u0131 yapabilece\u011finiz y\u00fcz tan\u0131ma cihaz\u0131 fiyatlar\u0131m\u0131z\u0131 sat\u0131\u015f dan\u0131\u015fmanlar\u0131m\u0131zdan \u00f6\u011frenebilirsiniz.<strong> <\/strong><\/p>\n\n\n\n<p><\/p>\n<\/div><\/div>\n\n\n\n<div class=\"wp-block-media-text is-stacked-on-mobile\" style=\"border-width:3px;border-radius:50px;grid-template-columns:20% auto\"><figure class=\"wp-block-media-text__media\"><img loading=\"lazy\" decoding=\"async\" width=\"120\" height=\"120\" src=\"http:\/\/www.zeusotomasyon.com\/wp-content\/uploads\/2025\/03\/kapi_acma.jpg\" alt=\"\" class=\"wp-image-249 size-full\"\/><\/figure><div class=\"wp-block-media-text__content\">\n<p><strong>Parmak \u0130zi ile Kap\u0131 A\u00e7ma Sistemleri<\/strong><\/p>\n\n\n\n<p>Parmak izli kap\u0131 a\u00e7ma sistemleri de t\u0131pk\u0131 y\u00fcz tan\u0131ma terminallerinde oldu\u011fu gibi minib\u00fcs takip, \u00f6\u011frenci takip, tuvalet takip, yemekhane takip ve personel takip yaz\u0131l\u0131mlar\u0131n\u0131 birlikte kullanabilirsiniz. Parmak izli sistemler, parmak izimizin benzersiz ve e\u015fsiz olu\u015fu sayesinde mutlak g\u00fcvenlik elde edilmesini sa\u011flar. Bu sistemlerin farkl\u0131 cihaz modellerinde ayn\u0131 zamanda kartl\u0131 ve \u015fifreli ge\u00e7i\u015f yapma olana\u011f\u0131 da sunulmu\u015ftur. Parmak izinizle turnikelere, bariyerlere ve kap\u0131lara tetik vererek a\u00e7\u0131lmas\u0131n\u0131 sa\u011flayabilirsiniz. Kap\u0131lar\u0131n\u0131z\u0131 cihazlar ile a\u00e7t\u0131rmak i\u00e7in kap\u0131lar\u0131n\u0131zda kilit de kullanmal\u0131s\u0131n\u0131z. Dilerseniz parmak izli kap\u0131 kolu kilit sistemleri tercih ederek de kap\u0131lar\u0131n\u0131z\u0131 a\u00e7abilirsiniz.<\/p>\n\n\n\n<p><\/p>\n<\/div><\/div>\n\n\n\n<div class=\"wp-block-media-text is-stacked-on-mobile\" style=\"border-width:3px;border-radius:50px;grid-template-columns:20% auto\"><figure class=\"wp-block-media-text__media\"><img loading=\"lazy\" decoding=\"async\" width=\"174\" height=\"154\" src=\"http:\/\/www.zeusotomasyon.com\/wp-content\/uploads\/2025\/03\/sifreli-1.jpg\" alt=\"\" class=\"wp-image-240 size-full\"\/><\/figure><div class=\"wp-block-media-text__content\">\n<p><strong>\u015eifreli ve Kartl\u0131 Kap\u0131 A\u00e7ma Sistemleri<\/strong><\/p>\n\n\n\n<p>\u015eifreli ve kartl\u0131 kap\u0131 a\u00e7ma sistemleri, t\u00fcm personel devam kontrol sistemleri cihazlar\u0131 ile birlikte kullan\u0131labilen sistemlerdir. Bu sistemlerde kullan\u0131lan cihazlar, \u015fifreli veya kartl\u0131 ge\u00e7i\u015f yapman\u0131za olanak sunar. E\u011fer \u015fifre ile ge\u00e7i\u015f yapmak isterseniz kullan\u0131c\u0131lara 6 haneli bir giri\u015f \u015fifresi belirlenmesi gerekir. Bu \u015fifreyi ki\u015fi giri\u015f esnas\u0131nda cihaza yazarak kap\u0131ya tetik verir ve a\u00e7\u0131lmas\u0131n\u0131 sa\u011flar. Kartl\u0131 sistemlerde ise her kullan\u0131c\u0131ya farkl\u0131 bir kart tan\u0131mlan\u0131r ve kullan\u0131c\u0131 bu kartlar ile ge\u00e7i\u015f sa\u011flar. Kart cihaza okutuldu\u011funda e\u011fer tan\u0131ml\u0131 ise kap\u0131 a\u00e7\u0131l\u0131r. Kartl\u0131 sistemler; standalone, panelli, online ve offline olarak sistemler olarak ayr\u0131lmaktad\u0131r. Ayr\u0131ca bu sistemlerde kullanaca\u011f\u0131n\u0131z kartlar\u0131n \u00fczerine diledi\u011finiz bask\u0131y\u0131 yaparak tan\u0131t\u0131m kart\u0131 olarak da kullanabilirsiniz.<\/p>\n<\/div><\/div>\n\n\n\n<p><\/p>\n","protected":false},"excerpt":{"rendered":"<p>Y\u00fcz Tan\u0131ma \u0130le Kap\u0131 A\u00e7ma Sistemleri Y\u00fcz tan\u0131ma sistemleri; \u015f\u00fcphesiz ki biyometrik sistemler i\u00e7erisinde en geli\u015fmi\u015f ve kullan\u0131m\u0131 en kolay olan sistemlerdir. Y\u00fcz tan\u0131ma sistemleri ile personel takibi yapabilir veya giri\u015f-\u00e7\u0131k\u0131\u015f kontrolleri sa\u011flayabilirsiniz. Ayr\u0131ca bu sistemler ile turnike, bariyer ve kap\u0131lara tetik vererek a\u00e7\u0131lmas\u0131n\u0131 da sa\u011flayabilirsiniz. Kap\u0131n\u0131zla uyumlu olarak kullanaca\u011f\u0131n\u0131z kilit sayesinde y\u00fcz tan\u0131ma cihaz\u0131ndan&hellip;&nbsp;<a href=\"http:\/\/www.zeusotomasyon.com\/?page_id=155\" rel=\"bookmark\">Daha fazlas\u0131n\u0131 oku &raquo;<span class=\"screen-reader-text\">Kap\u0131 A\u00e7ma Sistemleri<\/span><\/a><\/p>\n","protected":false},"author":1,"featured_media":0,"parent":151,"menu_order":0,"comment_status":"closed","ping_status":"closed","template":"","meta":{"neve_meta_sidebar":"","neve_meta_container":"","neve_meta_enable_content_width":"","neve_meta_content_width":0,"neve_meta_title_alignment":"","neve_meta_author_avatar":"","neve_post_elements_order":"","neve_meta_disable_header":"","neve_meta_disable_footer":"","neve_meta_disable_title":"","footnotes":""},"class_list":["post-155","page","type-page","status-publish","hentry"],"_links":{"self":[{"href":"http:\/\/www.zeusotomasyon.com\/index.php?rest_route=\/wp\/v2\/pages\/155","targetHints":{"allow":["GET"]}}],"collection":[{"href":"http:\/\/www.zeusotomasyon.com\/index.php?rest_route=\/wp\/v2\/pages"}],"about":[{"href":"http:\/\/www.zeusotomasyon.com\/index.php?rest_route=\/wp\/v2\/types\/page"}],"author":[{"embeddable":true,"href":"http:\/\/www.zeusotomasyon.com\/index.php?rest_route=\/wp\/v2\/users\/1"}],"replies":[{"embeddable":true,"href":"http:\/\/www.zeusotomasyon.com\/index.php?rest_route=%2Fwp%2Fv2%2Fcomments&post=155"}],"version-history":[{"count":4,"href":"http:\/\/www.zeusotomasyon.com\/index.php?rest_route=\/wp\/v2\/pages\/155\/revisions"}],"predecessor-version":[{"id":475,"href":"http:\/\/www.zeusotomasyon.com\/index.php?rest_route=\/wp\/v2\/pages\/155\/revisions\/475"}],"up":[{"embeddable":true,"href":"http:\/\/www.zeusotomasyon.com\/index.php?rest_route=\/wp\/v2\/pages\/151"}],"wp:attachment":[{"href":"http:\/\/www.zeusotomasyon.com\/index.php?rest_route=%2Fwp%2Fv2%2Fmedia&parent=155"}],"curies":[{"name":"wp","href":"https:\/\/api.w.org\/{rel}","templated":true}]}}