{"id":151,"date":"2025-03-19T01:12:02","date_gmt":"2025-03-19T01:12:02","guid":{"rendered":"http:\/\/www.zeusotomasyon.com\/?page_id=151"},"modified":"2025-03-26T17:47:53","modified_gmt":"2025-03-26T17:47:53","slug":"gecis-kontrol-sistemleri","status":"publish","type":"page","link":"http:\/\/www.zeusotomasyon.com\/?page_id=151","title":{"rendered":"Ge\u00e7i\u015f Kontrol Sistemleri"},"content":{"rendered":"\n<div class=\"wp-block-group is-layout-grid wp-container-core-group-is-layout-148d70a5 wp-block-group-is-layout-grid\">\n<div class=\"wp-block-cover is-light is-style-rounded\" style=\"border-width:3px;border-radius:50px\"><span aria-hidden=\"true\" class=\"wp-block-cover__background has-background-dim\" style=\"background-color:#e5e6e8\"><\/span><img loading=\"lazy\" decoding=\"async\" width=\"174\" height=\"154\" class=\"wp-block-cover__image-background wp-image-232\" alt=\"\" src=\"http:\/\/www.zeusotomasyon.com\/wp-content\/uploads\/2025\/03\/boy-1.jpg\" data-object-fit=\"cover\"\/><div class=\"wp-block-cover__inner-container is-layout-flow wp-block-cover-is-layout-flow\">\n<div class=\"wp-block-buttons alignfull is-content-justification-center is-layout-flex wp-container-core-buttons-is-layout-5e6b19ed wp-block-buttons-is-layout-flex\">\n<div class=\"wp-block-button is-style-primary\"><a class=\"wp-block-button__link has-text-align-center wp-element-button\" href=\"http:\/\/www.zeusotomasyon.com\/?page_id=164\">Turnike Sistemleri<\/a><\/div>\n<\/div>\n\n\n\n<div class=\"wp-block-group is-nowrap is-layout-flex wp-container-core-group-is-layout-ad2f72ca wp-block-group-is-layout-flex\">\n<figure class=\"wp-block-image is-resized is-style-rounded\"><img loading=\"lazy\" decoding=\"async\" width=\"174\" height=\"154\" src=\"http:\/\/www.zeusotomasyon.com\/wp-content\/uploads\/2025\/03\/tripot-2.jpg\" alt=\"\" class=\"wp-image-231\" style=\"width:235px;height:auto\"\/><\/figure>\n<\/div>\n\n\n\n<figure class=\"wp-block-gallery has-nested-images columns-default is-cropped wp-block-gallery-1 is-layout-flex wp-block-gallery-is-layout-flex\">\n<figure class=\"wp-block-image size-large is-style-rounded\"><img loading=\"lazy\" decoding=\"async\" width=\"174\" height=\"154\" data-id=\"235\" src=\"http:\/\/www.zeusotomasyon.com\/wp-content\/uploads\/2025\/03\/engelli-1.jpg\" alt=\"\" class=\"wp-image-235\"\/><\/figure>\n\n\n\n<figure class=\"wp-block-image size-large is-style-rounded\"><img loading=\"lazy\" decoding=\"async\" width=\"174\" height=\"154\" data-id=\"230\" src=\"http:\/\/www.zeusotomasyon.com\/wp-content\/uploads\/2025\/03\/hizli-1.jpg\" alt=\"\" class=\"wp-image-230\"\/><\/figure>\n<\/figure>\n<\/div><\/div>\n\n\n\n<div class=\"wp-block-cover is-light is-style-rounded wp-container-content-9df8e368\" style=\"border-width:3px;border-radius:50px\"><span aria-hidden=\"true\" class=\"wp-block-cover__background has-background-dim\" style=\"background-color:#eaeaeb\"><\/span><img loading=\"lazy\" decoding=\"async\" width=\"174\" height=\"154\" class=\"wp-block-cover__image-background wp-image-276\" alt=\"\" src=\"http:\/\/www.zeusotomasyon.com\/wp-content\/uploads\/2025\/03\/avax-mx6-otopark-bariyerleri.jpg\" data-object-fit=\"cover\"\/><div class=\"wp-block-cover__inner-container is-layout-flow wp-block-cover-is-layout-flow\">\n<div class=\"wp-block-buttons alignfull is-content-justification-center is-layout-flex wp-container-core-buttons-is-layout-5e6b19ed wp-block-buttons-is-layout-flex\">\n<div class=\"wp-block-button is-style-primary\"><a class=\"wp-block-button__link has-text-align-center wp-element-button\" href=\"http:\/\/www.zeusotomasyon.com\/?page_id=162\">Otopark Bariyer Sistemleri<\/a><\/div>\n<\/div>\n\n\n\n<div class=\"wp-block-group is-nowrap is-layout-flex wp-container-core-group-is-layout-ad2f72ca wp-block-group-is-layout-flex\">\n<figure class=\"wp-block-image size-full is-resized is-style-rounded\"><img loading=\"lazy\" decoding=\"async\" width=\"174\" height=\"154\" src=\"http:\/\/www.zeusotomasyon.com\/wp-content\/uploads\/2025\/03\/avax-k5-otopark-bariyeri-citli-kol.jpg\" alt=\"\" class=\"wp-image-282\" style=\"width:235px;height:auto\"\/><\/figure>\n<\/div>\n\n\n\n<figure class=\"wp-block-gallery has-nested-images columns-default is-cropped wp-block-gallery-2 is-layout-flex wp-block-gallery-is-layout-flex\">\n<figure class=\"wp-block-image size-full is-style-rounded\"><img loading=\"lazy\" decoding=\"async\" width=\"240\" height=\"180\" data-id=\"283\" src=\"http:\/\/www.zeusotomasyon.com\/wp-content\/uploads\/2025\/03\/avax-k6-otopark-bariyeri-big.jpg\" alt=\"\" class=\"wp-image-283\"\/><\/figure>\n\n\n\n<figure class=\"wp-block-image size-full is-style-rounded\"><img loading=\"lazy\" decoding=\"async\" width=\"174\" height=\"154\" data-id=\"279\" src=\"http:\/\/www.zeusotomasyon.com\/wp-content\/uploads\/2025\/03\/road-blocker.jpg\" alt=\"\" class=\"wp-image-279\"\/><\/figure>\n<\/figure>\n<\/div><\/div>\n\n\n\n<div class=\"wp-block-cover is-light is-style-rounded wp-container-content-9df8e368\" style=\"border-width:3px;border-radius:50px\"><span aria-hidden=\"true\" class=\"wp-block-cover__background has-background-dim\" style=\"background-color:#ebe9e5\"><\/span><img loading=\"lazy\" decoding=\"async\" width=\"120\" height=\"120\" class=\"wp-block-cover__image-background wp-image-249\" alt=\"\" src=\"http:\/\/www.zeusotomasyon.com\/wp-content\/uploads\/2025\/03\/kapi_acma.jpg\" data-object-fit=\"cover\"\/><div class=\"wp-block-cover__inner-container is-layout-flow wp-block-cover-is-layout-flow\">\n<div class=\"wp-block-buttons alignfull is-content-justification-center is-layout-flex wp-container-core-buttons-is-layout-5e6b19ed wp-block-buttons-is-layout-flex\">\n<div class=\"wp-block-button is-style-primary\"><a class=\"wp-block-button__link has-text-align-center wp-element-button\" href=\"http:\/\/www.zeusotomasyon.com\/?page_id=155\">Kap\u0131 A\u00e7ma Sistemleri<\/a><\/div>\n<\/div>\n\n\n\n<div class=\"wp-block-group is-nowrap is-layout-flex wp-container-core-group-is-layout-ad2f72ca wp-block-group-is-layout-flex\">\n<figure class=\"wp-block-image size-full is-resized is-style-rounded\"><img loading=\"lazy\" decoding=\"async\" width=\"174\" height=\"154\" src=\"http:\/\/www.zeusotomasyon.com\/wp-content\/uploads\/2025\/03\/sifreli-2.jpg\" alt=\"\" class=\"wp-image-260\" style=\"width:235px;height:auto\"\/><\/figure>\n<\/div>\n\n\n\n<figure class=\"wp-block-gallery has-nested-images columns-default is-cropped wp-block-gallery-3 is-layout-flex wp-block-gallery-is-layout-flex\">\n<figure class=\"wp-block-image size-full is-style-rounded\"><img loading=\"lazy\" decoding=\"async\" width=\"174\" height=\"154\" data-id=\"251\" src=\"http:\/\/www.zeusotomasyon.com\/wp-content\/uploads\/2025\/03\/kartli_otel.jpg\" alt=\"\" class=\"wp-image-251\"\/><\/figure>\n\n\n\n<figure class=\"wp-block-image size-full is-style-rounded\"><img loading=\"lazy\" decoding=\"async\" width=\"120\" height=\"120\" data-id=\"249\" src=\"http:\/\/www.zeusotomasyon.com\/wp-content\/uploads\/2025\/03\/kapi_acma.jpg\" alt=\"\" class=\"wp-image-249\"\/><\/figure>\n<\/figure>\n<\/div><\/div>\n\n\n\n<div class=\"wp-block-cover is-light is-style-rounded wp-container-content-9df8e368\" style=\"border-width:3px;border-radius:45px\"><span aria-hidden=\"true\" class=\"wp-block-cover__background has-background-dim\" style=\"background-color:#d9c6ad\"><\/span><img loading=\"lazy\" decoding=\"async\" width=\"174\" height=\"154\" class=\"wp-block-cover__image-background wp-image-210\" alt=\"\" src=\"http:\/\/www.zeusotomasyon.com\/wp-content\/uploads\/2025\/03\/yemekhane.jpg\" data-object-fit=\"cover\"\/><div class=\"wp-block-cover__inner-container is-layout-flow wp-block-cover-is-layout-flow\">\n<div class=\"wp-block-buttons alignfull is-content-justification-center is-layout-flex wp-container-core-buttons-is-layout-5e6b19ed wp-block-buttons-is-layout-flex\">\n<div class=\"wp-block-button is-style-primary\"><a class=\"wp-block-button__link has-text-align-center wp-element-button\" href=\"http:\/\/www.zeusotomasyon.com\/?page_id=153\">Personel Devam Kontrol Sistemleri<\/a><\/div>\n<\/div>\n\n\n\n<div class=\"wp-block-group is-nowrap is-layout-flex wp-container-core-group-is-layout-ad2f72ca wp-block-group-is-layout-flex\">\n<figure class=\"wp-block-image size-full is-resized is-style-rounded\"><img loading=\"lazy\" decoding=\"async\" width=\"174\" height=\"154\" src=\"http:\/\/www.zeusotomasyon.com\/wp-content\/uploads\/2025\/03\/spor_sal-1.jpg\" alt=\"\" class=\"wp-image-259\" style=\"width:235px;height:auto\"\/><\/figure>\n<\/div>\n\n\n\n<figure class=\"wp-block-gallery has-nested-images columns-default is-cropped wp-block-gallery-4 is-layout-flex wp-block-gallery-is-layout-flex\">\n<figure class=\"wp-block-image size-full is-style-rounded\"><img loading=\"lazy\" decoding=\"async\" width=\"174\" height=\"154\" data-id=\"257\" src=\"http:\/\/www.zeusotomasyon.com\/wp-content\/uploads\/2025\/03\/parmak_tanima-3.jpg\" alt=\"\" class=\"wp-image-257\"\/><\/figure>\n\n\n\n<figure class=\"wp-block-image size-full is-style-rounded\"><img loading=\"lazy\" decoding=\"async\" width=\"174\" height=\"154\" data-id=\"237\" src=\"http:\/\/www.zeusotomasyon.com\/wp-content\/uploads\/2025\/03\/yuz_tanima-3.jpg\" alt=\"\" class=\"wp-image-237\"\/><\/figure>\n<\/figure>\n<\/div><\/div>\n\n\n\n<div class=\"wp-block-cover is-light is-style-rounded wp-container-content-9df8e368\" style=\"border-width:3px;border-radius:50px\"><span aria-hidden=\"true\" class=\"wp-block-cover__background has-background-dim\" style=\"background-color:#d5d2cf\"><\/span><img loading=\"lazy\" decoding=\"async\" width=\"120\" height=\"120\" class=\"wp-block-cover__image-background wp-image-238\" alt=\"\" src=\"http:\/\/www.zeusotomasyon.com\/wp-content\/uploads\/2025\/03\/metal.jpg\" data-object-fit=\"cover\"\/><div class=\"wp-block-cover__inner-container is-layout-flow wp-block-cover-is-layout-flow\">\n<div class=\"wp-block-buttons alignfull is-content-justification-center is-layout-flex wp-container-core-buttons-is-layout-5e6b19ed wp-block-buttons-is-layout-flex\">\n<div class=\"wp-block-button is-style-primary\"><a class=\"wp-block-button__link has-text-align-center wp-element-button\" href=\"http:\/\/www.zeusotomasyon.com\/?page_id=166\">\u00dcst Arama Dedekt\u00f6rleri<\/a><\/div>\n<\/div>\n\n\n\n<div class=\"wp-block-group is-nowrap is-layout-flex wp-container-core-group-is-layout-ad2f72ca wp-block-group-is-layout-flex\">\n<figure class=\"wp-block-image size-full is-resized is-style-rounded\"><img loading=\"lazy\" decoding=\"async\" width=\"174\" height=\"154\" src=\"http:\/\/www.zeusotomasyon.com\/wp-content\/uploads\/2025\/03\/xray-1.jpg\" alt=\"\" class=\"wp-image-239\" style=\"width:235px;height:auto\"\/><\/figure>\n<\/div>\n\n\n\n<figure class=\"wp-block-gallery has-nested-images columns-default is-cropped wp-block-gallery-5 is-layout-flex wp-block-gallery-is-layout-flex\">\n<figure class=\"wp-block-image size-full is-style-rounded\"><img loading=\"lazy\" decoding=\"async\" width=\"174\" height=\"154\" data-id=\"248\" src=\"http:\/\/www.zeusotomasyon.com\/wp-content\/uploads\/2025\/03\/el_dedektor-1.jpg\" alt=\"\" class=\"wp-image-248\"\/><\/figure>\n\n\n\n<figure class=\"wp-block-image size-full is-style-rounded\"><img loading=\"lazy\" decoding=\"async\" width=\"120\" height=\"120\" data-id=\"238\" src=\"http:\/\/www.zeusotomasyon.com\/wp-content\/uploads\/2025\/03\/metal.jpg\" alt=\"\" class=\"wp-image-238\"\/><\/figure>\n<\/figure>\n<\/div><\/div>\n\n\n\n<div class=\"wp-block-cover is-light is-style-rounded wp-container-content-9df8e368\" style=\"border-width:3px;border-radius:50px\"><span aria-hidden=\"true\" class=\"wp-block-cover__background has-background-dim\" style=\"background-color:#f7f8fa\"><\/span><img loading=\"lazy\" decoding=\"async\" width=\"174\" height=\"154\" class=\"wp-block-cover__image-background wp-image-245\" alt=\"\" src=\"http:\/\/www.zeusotomasyon.com\/wp-content\/uploads\/2025\/03\/anten-1.jpg\" data-object-fit=\"cover\"\/><div class=\"wp-block-cover__inner-container is-layout-flow wp-block-cover-is-layout-flow\">\n<div class=\"wp-block-buttons alignfull is-content-justification-center is-layout-flex wp-container-core-buttons-is-layout-5e6b19ed wp-block-buttons-is-layout-flex\">\n<div class=\"wp-block-button is-style-primary\"><a class=\"wp-block-button__link has-text-align-center wp-element-button\" href=\"http:\/\/www.zeusotomasyon.com\/?page_id=160\">Ma\u011faza \u00dcr\u00fcn Koruma Sistemleri<\/a><\/div>\n<\/div>\n\n\n\n<div class=\"wp-block-group is-nowrap is-layout-flex wp-container-core-group-is-layout-ad2f72ca wp-block-group-is-layout-flex\">\n<figure class=\"wp-block-image size-full is-resized is-style-rounded\"><img loading=\"lazy\" decoding=\"async\" width=\"174\" height=\"154\" src=\"http:\/\/www.zeusotomasyon.com\/wp-content\/uploads\/2025\/03\/magaza.jpg\" alt=\"\" class=\"wp-image-242\" style=\"width:235px;height:auto\"\/><\/figure>\n<\/div>\n\n\n\n<figure class=\"wp-block-gallery has-nested-images columns-default is-cropped wp-block-gallery-6 is-layout-flex wp-block-gallery-is-layout-flex\">\n<figure class=\"wp-block-image size-full is-style-rounded\"><img loading=\"lazy\" decoding=\"async\" width=\"174\" height=\"154\" data-id=\"256\" src=\"http:\/\/www.zeusotomasyon.com\/wp-content\/uploads\/2025\/03\/sens-1.jpg\" alt=\"\" class=\"wp-image-256\"\/><\/figure>\n\n\n\n<figure class=\"wp-block-image size-full is-style-rounded\"><img loading=\"lazy\" decoding=\"async\" width=\"174\" height=\"154\" data-id=\"245\" src=\"http:\/\/www.zeusotomasyon.com\/wp-content\/uploads\/2025\/03\/anten-1.jpg\" alt=\"\" class=\"wp-image-245\"\/><\/figure>\n<\/figure>\n<\/div><\/div>\n<\/div>\n","protected":false},"excerpt":{"rendered":"","protected":false},"author":1,"featured_media":0,"parent":10,"menu_order":0,"comment_status":"closed","ping_status":"closed","template":"","meta":{"neve_meta_sidebar":"","neve_meta_container":"","neve_meta_enable_content_width":"","neve_meta_content_width":0,"neve_meta_title_alignment":"","neve_meta_author_avatar":"","neve_post_elements_order":"","neve_meta_disable_header":"","neve_meta_disable_footer":"","neve_meta_disable_title":"","footnotes":""},"class_list":["post-151","page","type-page","status-publish","hentry"],"_links":{"self":[{"href":"http:\/\/www.zeusotomasyon.com\/index.php?rest_route=\/wp\/v2\/pages\/151","targetHints":{"allow":["GET"]}}],"collection":[{"href":"http:\/\/www.zeusotomasyon.com\/index.php?rest_route=\/wp\/v2\/pages"}],"about":[{"href":"http:\/\/www.zeusotomasyon.com\/index.php?rest_route=\/wp\/v2\/types\/page"}],"author":[{"embeddable":true,"href":"http:\/\/www.zeusotomasyon.com\/index.php?rest_route=\/wp\/v2\/users\/1"}],"replies":[{"embeddable":true,"href":"http:\/\/www.zeusotomasyon.com\/index.php?rest_route=%2Fwp%2Fv2%2Fcomments&post=151"}],"version-history":[{"count":17,"href":"http:\/\/www.zeusotomasyon.com\/index.php?rest_route=\/wp\/v2\/pages\/151\/revisions"}],"predecessor-version":[{"id":474,"href":"http:\/\/www.zeusotomasyon.com\/index.php?rest_route=\/wp\/v2\/pages\/151\/revisions\/474"}],"up":[{"embeddable":true,"href":"http:\/\/www.zeusotomasyon.com\/index.php?rest_route=\/wp\/v2\/pages\/10"}],"wp:attachment":[{"href":"http:\/\/www.zeusotomasyon.com\/index.php?rest_route=%2Fwp%2Fv2%2Fmedia&parent=151"}],"curies":[{"name":"wp","href":"https:\/\/api.w.org\/{rel}","templated":true}]}}